{"id":1153,"date":"2025-06-30T20:58:16","date_gmt":"2025-06-30T18:58:16","guid":{"rendered":"https:\/\/www.luxusniprace.cz\/index.php\/contact\/"},"modified":"2026-04-27T10:21:59","modified_gmt":"2026-04-27T08:21:59","slug":"kontakt","status":"publish","type":"page","link":"https:\/\/www.luxusniprace.cz\/en\/kontakt\/","title":{"rendered":"Contact"},"content":{"rendered":"\t\t<div data-elementor-type=\"wp-page\" data-elementor-id=\"1153\" class=\"elementor elementor-1153\">\n\t\t\t\t<div class=\"elementor-element elementor-element-2f946d5 e-flex e-con-boxed e-con e-parent\" data-id=\"2f946d5\" data-element_type=\"container\" data-e-type=\"container\" data-settings=\"{&quot;background_background&quot;:&quot;classic&quot;}\">\n\t\t\t\t\t<div class=\"e-con-inner\">\n\t\t\t\t\t<\/div>\n\t\t\t\t<\/div>\n\t\t<div class=\"elementor-element elementor-element-e1baab9 e-flex e-con-boxed e-con e-parent\" data-id=\"e1baab9\" data-element_type=\"container\" data-e-type=\"container\">\n\t\t\t\t\t<div class=\"e-con-inner\">\n\t\t<div class=\"elementor-element elementor-element-650d1c3 e-con-full e-flex e-con e-child\" data-id=\"650d1c3\" data-element_type=\"container\" data-e-type=\"container\">\n\t\t\t\t<div class=\"elementor-element elementor-element-4cda673 elementor-widget elementor-widget-heading\" data-id=\"4cda673\" data-element_type=\"widget\" data-e-type=\"widget\" data-widget_type=\"heading.default\">\n\t\t\t\t<div class=\"elementor-widget-container\">\n\t\t\t\t\t<h2 class=\"elementor-heading-title elementor-size-default\">Kontakt<\/h2>\t\t\t\t<\/div>\n\t\t\t\t<\/div>\n\t\t\t\t<div class=\"elementor-element elementor-element-622c434 elementor-mobile-align-center elementor-icon-list--layout-traditional elementor-list-item-link-full_width elementor-widget elementor-widget-icon-list\" data-id=\"622c434\" data-element_type=\"widget\" data-e-type=\"widget\" data-widget_type=\"icon-list.default\">\n\t\t\t\t<div class=\"elementor-widget-container\">\n\t\t\t\t\t\t\t<ul class=\"elementor-icon-list-items\">\n\t\t\t\t\t\t\t<li class=\"elementor-icon-list-item\">\n\t\t\t\t\t\t\t\t\t\t<span class=\"elementor-icon-list-text\">Hlavn\u00ed 120, Opava<\/span>\n\t\t\t\t\t\t\t\t\t<\/li>\n\t\t\t\t\t\t\t\t<li class=\"elementor-icon-list-item\">\n\t\t\t\t\t\t\t\t\t\t\t<a href=\"tel:+420737562113\">\n\n\t\t\t\t\t\t\t\t\t\t\t<span class=\"elementor-icon-list-text\">Tel. +420 737 562 113<\/span>\n\t\t\t\t\t\t\t\t\t\t\t<\/a>\n\t\t\t\t\t\t\t\t\t<\/li>\n\t\t\t\t\t\t\t\t<li class=\"elementor-icon-list-item\">\n\t\t\t\t\t\t\t\t\t\t\t<a href=\"mailto:info@luxusniprace.cz\">\n\n\t\t\t\t\t\t\t\t\t\t\t<span class=\"elementor-icon-list-text\">E-mail: info@luxusniprace.cz<\/span>\n\t\t\t\t\t\t\t\t\t\t\t<\/a>\n\t\t\t\t\t\t\t\t\t<\/li>\n\t\t\t\t\t\t<\/ul>\n\t\t\t\t\t\t<\/div>\n\t\t\t\t<\/div>\n\t\t\t\t<\/div>\n\t\t<div class=\"elementor-element elementor-element-2933275 e-con-full e-flex e-con e-child\" data-id=\"2933275\" data-element_type=\"container\" data-e-type=\"container\" data-settings=\"{&quot;background_background&quot;:&quot;classic&quot;}\">\n\t\t\t\t<div class=\"elementor-element elementor-element-ef0d391 elementor-widget elementor-widget-heading\" data-id=\"ef0d391\" data-element_type=\"widget\" data-e-type=\"widget\" data-widget_type=\"heading.default\">\n\t\t\t\t<div class=\"elementor-widget-container\">\n\t\t\t\t\t<h3 class=\"elementor-heading-title elementor-size-default\">Napi\u0161 n\u00e1m<\/h3>\t\t\t\t<\/div>\n\t\t\t\t<\/div>\n\t\t\t\t<div class=\"elementor-element elementor-element-c2abeef elementor-widget elementor-widget-wpforms\" data-id=\"c2abeef\" data-element_type=\"widget\" data-e-type=\"widget\" data-widget_type=\"wpforms.default\">\n\t\t\t\t<div class=\"elementor-widget-container\">\n\t\t\t\t\t<div class=\"wpforms-container wpforms-render-modern\" id=\"wpforms-17\"><form id=\"wpforms-form-17\" class=\"wpforms-validate wpforms-form wpforms-ajax-form\" data-formid=\"17\" method=\"post\" enctype=\"multipart\/form-data\" action=\"\/en\/wp-json\/wp\/v2\/pages\/1153\" data-token=\"4baf55a3b6f572ff9bcb71628d4ee5e3\" data-token-time=\"1777682402\"><noscript class=\"wpforms-error-noscript\">Please enable JavaScript in your browser to complete this form.<\/noscript><div id=\"wpforms-error-noscript\" style=\"display: none;\">Please enable JavaScript in your browser to complete this form.<\/div><div class=\"wpforms-field-container\"><div id=\"wpforms-17-field_1-container\" class=\"wpforms-field wpforms-field-text\" data-field-id=\"1\"><label class=\"wpforms-field-label\" for=\"wpforms-17-field_1\">Va\u0161e jm\u00e9no<\/label><input type=\"text\" id=\"wpforms-17-field_1\" class=\"wpforms-field-large\" name=\"wpforms[fields][1]\" aria-errormessage=\"wpforms-17-field_1-error\" ><\/div><div id=\"wpforms-17-field_3-container\" class=\"wpforms-field wpforms-field-email\" data-field-id=\"3\"><label class=\"wpforms-field-label\" for=\"wpforms-17-field_3\">V\u00e1\u0161 email <span class=\"wpforms-required-label\" aria-hidden=\"true\">*<\/span><\/label><input type=\"email\" id=\"wpforms-17-field_3\" class=\"wpforms-field-large wpforms-field-required\" name=\"wpforms[fields][3]\" spellcheck=\"false\" aria-errormessage=\"wpforms-17-field_3-error\" required><\/div><div id=\"wpforms-17-field_4-container\" class=\"wpforms-field wpforms-field-textarea\" data-field-id=\"4\"><label class=\"wpforms-field-label\" for=\"wpforms-17-field_4\">Va\u0161e zpr\u00e1va<\/label><textarea id=\"wpforms-17-field_4\" class=\"wpforms-field-medium\" name=\"wpforms[fields][4]\" aria-errormessage=\"wpforms-17-field_4-error\" ><\/textarea><\/div><\/div><!-- .wpforms-field-container --><div class=\"wpforms-submit-container\" ><input type=\"hidden\" name=\"wpforms[id]\" value=\"17\"><input type=\"hidden\" name=\"page_title\" value=\"\"><input type=\"hidden\" name=\"page_url\" value=\"https:\/\/www.luxusniprace.cz\/en\/wp-json\/wp\/v2\/pages\/1153\"><input type=\"hidden\" name=\"url_referer\" value=\"\"><button type=\"submit\" name=\"wpforms[submit]\" id=\"wpforms-submit-17\" class=\"wpforms-submit\" data-alt-text=\"Odes\u00edl\u00e1n\u00ed...\" data-submit-text=\"Odeslat\" aria-live=\"assertive\" value=\"wpforms-submit\">Odeslat<\/button><img decoding=\"async\" src=\"https:\/\/www.luxusniprace.cz\/wp-content\/plugins\/wpforms-lite\/assets\/images\/submit-spin.svg\" class=\"wpforms-submit-spinner\" style=\"display: none;\" width=\"26\" height=\"26\" alt=\"Loading\"><\/div><\/form><\/div>  <!-- .wpforms-container -->\t\t\t\t<\/div>\n\t\t\t\t<\/div>\n\t\t\t\t<\/div>\n\t\t\t\t\t<\/div>\n\t\t\t\t<\/div>\n\t\t<div class=\"elementor-element elementor-element-1658386 e-flex e-con-boxed e-con e-parent\" data-id=\"1658386\" data-element_type=\"container\" data-e-type=\"container\">\n\t\t\t\t\t<div class=\"e-con-inner\">\n\t\t\t\t<div class=\"elementor-element elementor-element-5cb2fc8 elementor-widget__width-initial elementor-widget elementor-widget-button\" data-id=\"5cb2fc8\" data-element_type=\"widget\" data-e-type=\"widget\" data-widget_type=\"button.default\">\n\t\t\t\t<div class=\"elementor-widget-container\">\n\t\t\t\t\t\t\t\t\t<div class=\"elementor-button-wrapper\">\n\t\t\t\t\t<a class=\"elementor-button elementor-button-link elementor-size-sm\" href=\"https:\/\/www.luxusniprace.cz\/kalkulacka\/\">\n\t\t\t\t\t\t<span class=\"elementor-button-content-wrapper\">\n\t\t\t\t\t\t\t\t\t<span class=\"elementor-button-text\">Spo\u010d\u00edtej si sv\u016fj v\u00fdd\u011blek<\/span>\n\t\t\t\t\t<\/span>\n\t\t\t\t\t<\/a>\n\t\t\t\t<\/div>\n\t\t\t\t\t\t\t\t<\/div>\n\t\t\t\t<\/div>\n\t\t\t\t\t<\/div>\n\t\t\t\t<\/div>\n\t\t\t\t<\/div>\n\t\t","protected":false},"excerpt":{"rendered":"<p>Kontakt Hlavn\u00ed 120, Opava Tel. +420 737 562 113 E-mail: info@luxusniprace.cz Napi\u0161 n\u00e1m Chcete-li vyplnit tento formul\u00e1\u0159, pros\u00edm povolte v [&hellip;]<\/p>\n","protected":false},"author":1,"featured_media":0,"parent":0,"menu_order":0,"comment_status":"closed","ping_status":"closed","template":"","meta":{"site-sidebar-layout":"no-sidebar","site-content-layout":"","ast-site-content-layout":"full-width-container","site-content-style":"default","site-sidebar-style":"default","ast-global-header-display":"","ast-banner-title-visibility":"","ast-main-header-display":"","ast-hfb-above-header-display":"","ast-hfb-below-header-display":"","ast-hfb-mobile-header-display":"","site-post-title":"disabled","ast-breadcrumbs-content":"","ast-featured-img":"disabled","footer-sml-layout":"","ast-disable-related-posts":"","theme-transparent-header-meta":"enabled","adv-header-id-meta":"","stick-header-meta":"","header-above-stick-meta":"","header-main-stick-meta":"","header-below-stick-meta":"","astra-migrate-meta-layouts":"set","ast-page-background-enabled":"default","ast-page-background-meta":{"desktop":{"background-color":"var(--ast-global-color-4)","background-image":"","background-repeat":"repeat","background-position":"center center","background-size":"auto","background-attachment":"scroll","background-type":"","background-media":"","overlay-type":"","overlay-color":"","overlay-opacity":"","overlay-gradient":""},"tablet":{"background-color":"","background-image":"","background-repeat":"repeat","background-position":"center center","background-size":"auto","background-attachment":"scroll","background-type":"","background-media":"","overlay-type":"","overlay-color":"","overlay-opacity":"","overlay-gradient":""},"mobile":{"background-color":"","background-image":"","background-repeat":"repeat","background-position":"center center","background-size":"auto","background-attachment":"scroll","background-type":"","background-media":"","overlay-type":"","overlay-color":"","overlay-opacity":"","overlay-gradient":""}},"ast-content-background-meta":{"desktop":{"background-color":"var(--ast-global-color-5)","background-image":"","background-repeat":"repeat","background-position":"center center","background-size":"auto","background-attachment":"scroll","background-type":"","background-media":"","overlay-type":"","overlay-color":"","overlay-opacity":"","overlay-gradient":""},"tablet":{"background-color":"var(--ast-global-color-5)","background-image":"","background-repeat":"repeat","background-position":"center center","background-size":"auto","background-attachment":"scroll","background-type":"","background-media":"","overlay-type":"","overlay-color":"","overlay-opacity":"","overlay-gradient":""},"mobile":{"background-color":"var(--ast-global-color-5)","background-image":"","background-repeat":"repeat","background-position":"center center","background-size":"auto","background-attachment":"scroll","background-type":"","background-media":"","overlay-type":"","overlay-color":"","overlay-opacity":"","overlay-gradient":""}},"footnotes":""},"class_list":["post-1153","page","type-page","status-publish","hentry"],"yoast_head":"<!-- This site is optimized with the Yoast SEO plugin v27.5 - https:\/\/yoast.com\/product\/yoast-seo-wordpress\/ -->\n<title>Kontakt | Luxusn\u00ed pr\u00e1ce pro mas\u00e9rky<\/title>\n<meta name=\"description\" content=\"Kontaktujte n\u00e1s a zjist\u011bte v\u00edce o pr\u00e1ci mas\u00e9rky v na\u0161em salonu. R\u00e1di v\u00e1m odpov\u00edme na ot\u00e1zky a vysv\u011btl\u00edme podm\u00ednky spolupr\u00e1ce.\" \/>\n<meta name=\"robots\" content=\"index, follow, max-snippet:-1, max-image-preview:large, max-video-preview:-1\" \/>\n<link rel=\"canonical\" href=\"https:\/\/www.luxusniprace.cz\/en\/kontakt\/\" \/>\n<meta property=\"og:locale\" content=\"en_GB\" \/>\n<meta property=\"og:type\" content=\"article\" \/>\n<meta property=\"og:title\" content=\"Kontakt | Luxusn\u00ed pr\u00e1ce pro mas\u00e9rky\" \/>\n<meta property=\"og:description\" content=\"Kontaktujte n\u00e1s a zjist\u011bte v\u00edce o pr\u00e1ci mas\u00e9rky v na\u0161em salonu. R\u00e1di v\u00e1m odpov\u00edme na ot\u00e1zky a vysv\u011btl\u00edme podm\u00ednky spolupr\u00e1ce.\" \/>\n<meta property=\"og:url\" content=\"https:\/\/www.luxusniprace.cz\/en\/kontakt\/\" \/>\n<meta property=\"article:modified_time\" content=\"2026-04-27T08:21:59+00:00\" \/>\n<meta property=\"og:image\" content=\"https:\/\/www.luxusniprace.cz\/wp-content\/plugins\/wpforms-lite\/assets\/images\/submit-spin.svg\" \/>\n<meta name=\"twitter:card\" content=\"summary_large_image\" \/>\n<meta name=\"twitter:label1\" content=\"Estimated reading time\" \/>\n\t<meta name=\"twitter:data1\" content=\"1 minute\" \/>\n<script type=\"application\/ld+json\" class=\"yoast-schema-graph\">{\"@context\":\"https:\\\/\\\/schema.org\",\"@graph\":[{\"@type\":\"WebPage\",\"@id\":\"https:\\\/\\\/www.luxusniprace.cz\\\/kontakt\\\/\",\"url\":\"https:\\\/\\\/www.luxusniprace.cz\\\/kontakt\\\/\",\"name\":\"Kontakt | Luxusn\u00ed pr\u00e1ce pro mas\u00e9rky\",\"isPartOf\":{\"@id\":\"https:\\\/\\\/www.luxusniprace.cz\\\/#website\"},\"primaryImageOfPage\":{\"@id\":\"https:\\\/\\\/www.luxusniprace.cz\\\/kontakt\\\/#primaryimage\"},\"image\":{\"@id\":\"https:\\\/\\\/www.luxusniprace.cz\\\/kontakt\\\/#primaryimage\"},\"thumbnailUrl\":\"https:\\\/\\\/www.luxusniprace.cz\\\/wp-content\\\/plugins\\\/wpforms-lite\\\/assets\\\/images\\\/submit-spin.svg\",\"datePublished\":\"2025-06-30T18:58:16+00:00\",\"dateModified\":\"2026-04-27T08:21:59+00:00\",\"description\":\"Kontaktujte n\u00e1s a zjist\u011bte v\u00edce o pr\u00e1ci mas\u00e9rky v na\u0161em salonu. R\u00e1di v\u00e1m odpov\u00edme na ot\u00e1zky a vysv\u011btl\u00edme podm\u00ednky spolupr\u00e1ce.\",\"breadcrumb\":{\"@id\":\"https:\\\/\\\/www.luxusniprace.cz\\\/kontakt\\\/#breadcrumb\"},\"inLanguage\":\"en-GB\",\"potentialAction\":[{\"@type\":\"ReadAction\",\"target\":[\"https:\\\/\\\/www.luxusniprace.cz\\\/kontakt\\\/\"]}]},{\"@type\":\"ImageObject\",\"inLanguage\":\"en-GB\",\"@id\":\"https:\\\/\\\/www.luxusniprace.cz\\\/kontakt\\\/#primaryimage\",\"url\":\"https:\\\/\\\/www.luxusniprace.cz\\\/wp-content\\\/plugins\\\/wpforms-lite\\\/assets\\\/images\\\/submit-spin.svg\",\"contentUrl\":\"https:\\\/\\\/www.luxusniprace.cz\\\/wp-content\\\/plugins\\\/wpforms-lite\\\/assets\\\/images\\\/submit-spin.svg\"},{\"@type\":\"BreadcrumbList\",\"@id\":\"https:\\\/\\\/www.luxusniprace.cz\\\/kontakt\\\/#breadcrumb\",\"itemListElement\":[{\"@type\":\"ListItem\",\"position\":1,\"name\":\"Dom\u016f\",\"item\":\"https:\\\/\\\/www.luxusniprace.cz\\\/\"},{\"@type\":\"ListItem\",\"position\":2,\"name\":\"Kontakt\"}]},{\"@type\":\"WebSite\",\"@id\":\"https:\\\/\\\/www.luxusniprace.cz\\\/#website\",\"url\":\"https:\\\/\\\/www.luxusniprace.cz\\\/\",\"name\":\"Luxusn\u00ed pr\u00e1ce\",\"description\":\"Luxusn\u00ed pr\u00e1ce\",\"publisher\":{\"@id\":\"https:\\\/\\\/www.luxusniprace.cz\\\/#organization\"},\"potentialAction\":[{\"@type\":\"SearchAction\",\"target\":{\"@type\":\"EntryPoint\",\"urlTemplate\":\"https:\\\/\\\/www.luxusniprace.cz\\\/?s={search_term_string}\"},\"query-input\":{\"@type\":\"PropertyValueSpecification\",\"valueRequired\":true,\"valueName\":\"search_term_string\"}}],\"inLanguage\":\"en-GB\"},{\"@type\":\"Organization\",\"@id\":\"https:\\\/\\\/www.luxusniprace.cz\\\/#organization\",\"name\":\"Luxusn\u00ed pr\u00e1ce\",\"url\":\"https:\\\/\\\/www.luxusniprace.cz\\\/\",\"logo\":{\"@type\":\"ImageObject\",\"inLanguage\":\"en-GB\",\"@id\":\"https:\\\/\\\/www.luxusniprace.cz\\\/#\\\/schema\\\/logo\\\/image\\\/\",\"url\":\"https:\\\/\\\/www.luxusniprace.cz\\\/wp-content\\\/uploads\\\/2026\\\/03\\\/Navrh-bez-nazvu-3-scaled.png\",\"contentUrl\":\"https:\\\/\\\/www.luxusniprace.cz\\\/wp-content\\\/uploads\\\/2026\\\/03\\\/Navrh-bez-nazvu-3-scaled.png\",\"width\":2560,\"height\":2560,\"caption\":\"Luxusn\u00ed pr\u00e1ce\"},\"image\":{\"@id\":\"https:\\\/\\\/www.luxusniprace.cz\\\/#\\\/schema\\\/logo\\\/image\\\/\"}}]}<\/script>\n<!-- \/ Yoast SEO plugin. -->","yoast_head_json":{"title":"Kontakt | Luxusn\u00ed pr\u00e1ce pro mas\u00e9rky","description":"Kontaktujte n\u00e1s a zjist\u011bte v\u00edce o pr\u00e1ci mas\u00e9rky v na\u0161em salonu. R\u00e1di v\u00e1m odpov\u00edme na ot\u00e1zky a vysv\u011btl\u00edme podm\u00ednky spolupr\u00e1ce.","robots":{"index":"index","follow":"follow","max-snippet":"max-snippet:-1","max-image-preview":"max-image-preview:large","max-video-preview":"max-video-preview:-1"},"canonical":"https:\/\/www.luxusniprace.cz\/en\/kontakt\/","og_locale":"en_GB","og_type":"article","og_title":"Kontakt | Luxusn\u00ed pr\u00e1ce pro mas\u00e9rky","og_description":"Kontaktujte n\u00e1s a zjist\u011bte v\u00edce o pr\u00e1ci mas\u00e9rky v na\u0161em salonu. R\u00e1di v\u00e1m odpov\u00edme na ot\u00e1zky a vysv\u011btl\u00edme podm\u00ednky spolupr\u00e1ce.","og_url":"https:\/\/www.luxusniprace.cz\/en\/kontakt\/","article_modified_time":"2026-04-27T08:21:59+00:00","og_image":[{"url":"https:\/\/www.luxusniprace.cz\/wp-content\/plugins\/wpforms-lite\/assets\/images\/submit-spin.svg","type":"","width":"","height":""}],"twitter_card":"summary_large_image","twitter_misc":{"Estimated reading time":"1 minute"},"schema":{"@context":"https:\/\/schema.org","@graph":[{"@type":"WebPage","@id":"https:\/\/www.luxusniprace.cz\/kontakt\/","url":"https:\/\/www.luxusniprace.cz\/kontakt\/","name":"Kontakt | Luxusn\u00ed pr\u00e1ce pro mas\u00e9rky","isPartOf":{"@id":"https:\/\/www.luxusniprace.cz\/#website"},"primaryImageOfPage":{"@id":"https:\/\/www.luxusniprace.cz\/kontakt\/#primaryimage"},"image":{"@id":"https:\/\/www.luxusniprace.cz\/kontakt\/#primaryimage"},"thumbnailUrl":"https:\/\/www.luxusniprace.cz\/wp-content\/plugins\/wpforms-lite\/assets\/images\/submit-spin.svg","datePublished":"2025-06-30T18:58:16+00:00","dateModified":"2026-04-27T08:21:59+00:00","description":"Kontaktujte n\u00e1s a zjist\u011bte v\u00edce o pr\u00e1ci mas\u00e9rky v na\u0161em salonu. R\u00e1di v\u00e1m odpov\u00edme na ot\u00e1zky a vysv\u011btl\u00edme podm\u00ednky spolupr\u00e1ce.","breadcrumb":{"@id":"https:\/\/www.luxusniprace.cz\/kontakt\/#breadcrumb"},"inLanguage":"en-GB","potentialAction":[{"@type":"ReadAction","target":["https:\/\/www.luxusniprace.cz\/kontakt\/"]}]},{"@type":"ImageObject","inLanguage":"en-GB","@id":"https:\/\/www.luxusniprace.cz\/kontakt\/#primaryimage","url":"https:\/\/www.luxusniprace.cz\/wp-content\/plugins\/wpforms-lite\/assets\/images\/submit-spin.svg","contentUrl":"https:\/\/www.luxusniprace.cz\/wp-content\/plugins\/wpforms-lite\/assets\/images\/submit-spin.svg"},{"@type":"BreadcrumbList","@id":"https:\/\/www.luxusniprace.cz\/kontakt\/#breadcrumb","itemListElement":[{"@type":"ListItem","position":1,"name":"Dom\u016f","item":"https:\/\/www.luxusniprace.cz\/"},{"@type":"ListItem","position":2,"name":"Kontakt"}]},{"@type":"WebSite","@id":"https:\/\/www.luxusniprace.cz\/#website","url":"https:\/\/www.luxusniprace.cz\/","name":"Luxusn\u00ed pr\u00e1ce","description":"Luxusn\u00ed pr\u00e1ce","publisher":{"@id":"https:\/\/www.luxusniprace.cz\/#organization"},"potentialAction":[{"@type":"SearchAction","target":{"@type":"EntryPoint","urlTemplate":"https:\/\/www.luxusniprace.cz\/?s={search_term_string}"},"query-input":{"@type":"PropertyValueSpecification","valueRequired":true,"valueName":"search_term_string"}}],"inLanguage":"en-GB"},{"@type":"Organization","@id":"https:\/\/www.luxusniprace.cz\/#organization","name":"Luxusn\u00ed pr\u00e1ce","url":"https:\/\/www.luxusniprace.cz\/","logo":{"@type":"ImageObject","inLanguage":"en-GB","@id":"https:\/\/www.luxusniprace.cz\/#\/schema\/logo\/image\/","url":"https:\/\/www.luxusniprace.cz\/wp-content\/uploads\/2026\/03\/Navrh-bez-nazvu-3-scaled.png","contentUrl":"https:\/\/www.luxusniprace.cz\/wp-content\/uploads\/2026\/03\/Navrh-bez-nazvu-3-scaled.png","width":2560,"height":2560,"caption":"Luxusn\u00ed pr\u00e1ce"},"image":{"@id":"https:\/\/www.luxusniprace.cz\/#\/schema\/logo\/image\/"}}]}},"_links":{"self":[{"href":"https:\/\/www.luxusniprace.cz\/en\/wp-json\/wp\/v2\/pages\/1153","targetHints":{"allow":["GET"]}}],"collection":[{"href":"https:\/\/www.luxusniprace.cz\/en\/wp-json\/wp\/v2\/pages"}],"about":[{"href":"https:\/\/www.luxusniprace.cz\/en\/wp-json\/wp\/v2\/types\/page"}],"author":[{"embeddable":true,"href":"https:\/\/www.luxusniprace.cz\/en\/wp-json\/wp\/v2\/users\/1"}],"replies":[{"embeddable":true,"href":"https:\/\/www.luxusniprace.cz\/en\/wp-json\/wp\/v2\/comments?post=1153"}],"version-history":[{"count":41,"href":"https:\/\/www.luxusniprace.cz\/en\/wp-json\/wp\/v2\/pages\/1153\/revisions"}],"predecessor-version":[{"id":1454,"href":"https:\/\/www.luxusniprace.cz\/en\/wp-json\/wp\/v2\/pages\/1153\/revisions\/1454"}],"wp:attachment":[{"href":"https:\/\/www.luxusniprace.cz\/en\/wp-json\/wp\/v2\/media?parent=1153"}],"curies":[{"name":"wp","href":"https:\/\/api.w.org\/{rel}","templated":true}]}}